{"id":2804,"date":"2020-09-25T15:31:09","date_gmt":"2020-09-25T13:31:09","guid":{"rendered":"https:\/\/omneomed.ch\/?page_id=2804"},"modified":"2020-10-04T15:29:01","modified_gmt":"2020-10-04T13:29:01","slug":"disclaimer","status":"publish","type":"page","link":"https:\/\/omneomed.ch\/?page_id=2804","title":{"rendered":"disclaimer"},"content":{"rendered":"<p>[et_pb_section fb_built=&#8221;1&#8243; _builder_version=&#8221;4.6.0&#8243; custom_padding=&#8221;|10vw||10vw|false|false&#8221; da_disable_devices=&#8221;off|off|off&#8221; da_is_popup=&#8221;off&#8221; da_exit_intent=&#8221;off&#8221; da_has_close=&#8221;on&#8221; da_alt_close=&#8221;off&#8221; da_dark_close=&#8221;off&#8221; da_not_modal=&#8221;on&#8221; da_is_singular=&#8221;off&#8221; da_with_loader=&#8221;off&#8221; da_has_shadow=&#8221;on&#8221;][et_pb_row _builder_version=&#8221;3.25&#8243; background_size=&#8221;initial&#8221; background_position=&#8221;top_left&#8221; background_repeat=&#8221;repeat&#8221;][et_pb_column type=&#8221;4_4&#8243; _builder_version=&#8221;3.25&#8243; custom_padding=&#8221;|||&#8221; custom_padding__hover=&#8221;|||&#8221;][et_pb_text _builder_version=&#8221;4.6.5&#8243; background_size=&#8221;initial&#8221; background_position=&#8221;top_left&#8221; background_repeat=&#8221;repeat&#8221; hover_enabled=&#8221;0&#8243; sticky_enabled=&#8221;0&#8243;]<\/p>\n<h3>Disclaimer \/ Impressum \/ Datenschutz.<\/h3>\n<p>&nbsp;<\/p>\n<p><strong>Kontaktadresse.<\/strong><br \/>Omneomed<br \/>Praxis f\u00fcr Ganzheitsmedizin<br \/>Beatrice Moran<br \/>Herbstweg 46<br \/>8050 Z\u00fcrich<\/p>\n<p><strong>Vorgehen, Angebot und Methoden.<\/strong><br \/>Eine Therapie umfasst ein ausf\u00fchrliches Gespr\u00e4ch, diverse Labortests f\u00fcr die Beurteilung des Gesundheitszustandes sowie die Durchf\u00fchrung der therapeutischen Massnahmen. Gemeinsam legen wir einen Therapieplan mit klaren Zielen fest. Die therapeutischen Behandlungen erfolgen im Rahmen der gesetzlich festgelegten M\u00f6glichkeiten, basierend auf hom\u00f6opathischen, orthomolekularen, ayurvedischen und ethischen Grunds\u00e4tzen, die meist in Kombination zur Anwendung gelangen und \u00fcber Hom\u00f6opathie abgerechnet werden. Die momentane gesundheitliche Situation und die Bed\u00fcrfnisse des Klienten\/in bestimmen die Auswahl der Behandlungsart. Das Mitwirken des Klienten\/in und das Befolgen der Anweisungen sind Voraussetzung f\u00fcr den Therapieerfolg bzw. die Vermeidung von unerw\u00fcnschten Nebenwirkungen.<\/p>\n<p><strong>Krankenkassen-Anerkennung und R\u00fcckverg\u00fctungen.<\/strong><br \/>Ich bin beim EMR (ErfahrungsMedizinisches Register) als Hom\u00f6opathin anerkannt und mit der ZSR-Nummer C031763 registriert. Im Anschluss an die get\u00e4tigten Therapien erhalten Sie eine Honorarrechnung, die Sie, falls Sie \u00fcber eine Zusatzversicherung f\u00fcr Komplement\u00e4rmedizin verf\u00fcgen, an Ihre Krankenkasse einsenden k\u00f6nnen. Der Betrag zur registrierten Methode (Hom\u00f6opathie) wird von den meisten Kassen im Rahmen Ihres Vertrages zur\u00fcckerstattet. Es empfiehlt sich eine vorg\u00e4ngige Abkl\u00e4rung bei Ihrer Krankenkasse, zu welchem Anteil sie sich an den laufenden Kosten beteiligt, denn die Anerkennung der Methode bildet keine Garantie, dass Ihre Zusatzversicherung die Kosten \u00fcbernimmt. Meine Leistungen werden nicht von der Grundversicherung bezahlt, unabh\u00e4ngig davon, ob eine Arztverordnung vorliegt oder nicht.<\/p>\n<p><strong>Termin\u00e4nderungen und \u2013absagen.<\/strong><br \/>Im Verhinderungsfall kann ein Termin per sms auf 078 843 14 82 oder email auf info@omneomed.ch bis 24 h vor Konsultationsbeginn kostenfrei abgesagt oder verschoben werden. F\u00fcr Abendtermine (ab 18.00 h) und Samstagtermine gilt eine Frist von 48 Stunden. Bitte haben Sie Verst\u00e4ndnis, dass bei kurzfristigen Absagen oder Nichterscheinen\u00a0die volle Konsultation verrechnet wird.<\/p>\n<p><strong>Versicherung.<\/strong><br \/>F\u00fcr Sch\u00e4den an Omneomed-Eigentum sind die Verursacher haftbar.<\/p>\n<p><strong>Fallf\u00fchrung, Datenschutz und Ethikrichtlinien.<\/strong><br \/>Wie jeder anerkannte Arzt, Naturheilpraktiker oder Therapeut stehe ich unter gesetzlicher Schweigepflicht. Ohne Ihre schriftliche Einwilligung gebe ich niemandem Auskunft \u00fcber Sie.<br \/>F\u00fcr jeden Klienten\/in f\u00fchre ich ein Dossier, indem der Therapieverlauf notiert wird und sonstige Dokumente wie Analysen, Arztberichte etc. aufbewahrt werden. Ihr Dossier wird w\u00e4hrend 10 Jahren an sicherem Ort gelagert. Der Patient kann jederzeit Einsicht in sein Dossier erhalten und auf Verlangen innert 30 Tagen eine kostenlose Kopie der Akten erhalten. Gest\u00fctzt auf Artikel 13 der schweizerischen Bundesverfassung\u00a0 und die datenschutzrechtlichen Bestimmungen des Bundes (Datenschutzgesetz, DSG)\u00a0 hat jede Person Anspruch auf Schutz ihrer Privatsph\u00e4re sowie auf Schutz vor\u00a0 Missbrauch ihrer pers\u00f6nlichen Daten. Wir halten diese Bestimmungen ein.\u00a0 Pers\u00f6nliche Daten werden streng vertraulich behandelt und weder an Dritte verkauft noch weiter gegeben. In enger Zusammenarbeit mit unseren Hosting-Providern bem\u00fchen wir uns, die Datenbanken so gut wie m\u00f6glich vor fremden Zugriffen, Verlusten, Missbrauch oder vor F\u00e4lschung zu sch\u00fctzen. Beim Zugriff auf unsere Webseiten werden folgende Daten in\u00a0 Logfiles gespeichert: IP-Adresse, Datum, Uhrzeit, Browser-Anfrage und allgemein \u00fcbertragene Informationen zum Betriebssystem respektive Browser. Diese Nutzungsdaten bilden die Basis f\u00fcr statistische, anonyme Auswertungen, so dass Trends erkennbar sind, anhand derer wir unsere Angebote entsprechend verbessern k\u00f6nnen. Diese Seite ist durch reCAPTCHA und Google unter Anwendung von <a href=\"https:\/\/policies.google.com\/privacy\">Privacy Policy<\/a> und <a href=\"https:\/\/policies.google.com\/terms\">Terms of Service<\/a> gesch\u00fctzt.<\/p>\n<p><strong>Urheberrechte.<\/strong><br \/>Die Urheber- und alle anderen Rechte an Inhalten, Bildern, Fotos oder anderen Dateien auf der Website geh\u00f6ren ausschliesslich oder den speziell genannten Rechtsinhabern. F\u00fcr die Reproduktion jeglicher Elemente ist die schriftliche Zustimmung der Urheberrechtstr\u00e4ger im Voraus einzuholen.<\/p>\n<p><strong>Haftungsausschluss.<\/strong><br \/>Die Webseite Omneomed.ch bietet Informationen \u00fcber Produkte und Dienstleistungen, sowie themenspezifisches Wissen an. Der Autor \u00fcbernimmt keinerlei Gew\u00e4hr hinsichtlich der inhaltlichen Richtigkeit, Genauigkeit, Aktualit\u00e4t, Zuverl\u00e4ssigkeit und Vollst\u00e4ndigkeit der Informationen. Die hier aufgef\u00fchrten Methoden, psychologischen Beratungen und Trainings sind kein Ersatz f\u00fcr psychotherapeutische und \u00e4rztliche Massnahmen. Sie gelten nicht als Grundlage zur eigenst\u00e4ndigen Diagnose und dienen nicht zum Beginn, zur \u00c4nderung oder zum Abbruch einer \u00e4rztlichen Behandlung. Omneomed \u00fcbernimmt keine Haftung f\u00fcr Sch\u00e4den, die sich aus der Anwendung der hier dargestellten Information ergeben. Der Klient\/in verpflichtet sich, medizinische Diagnosen und gesundheitliche Probleme der Therapeutin mitzuteilen, damit die Behandlungen und Massnahmen angepasst und m\u00f6gliche Kontraindikationen ausgeschlossen werden k\u00f6nnen. Haftungsanspr\u00fcche gegen den Autor wegen Sch\u00e4den materieller oder immaterieller Art, welche aus dem Zugriff oder der Nutzung bzw. Nichtnutzung der ver\u00f6ffentlichten Informationen, durch Missbrauch der Verbindung oder durch technische St\u00f6rungen entstanden sind, werden\u00a0 ausgeschlossen. Alle\u00a0 Angebote sind unverbindlich. Der Autor beh\u00e4lt es sich ausdr\u00fccklich vor, Teile\u00a0 der Seiten oder das gesamte Angebot ohne gesonderte Ank\u00fcndigung zu ver\u00e4ndern, zu erg\u00e4nzen, zu l\u00f6schen oder die Ver\u00f6ffentlichung zeitweise oder endg\u00fcltig\u00a0 einzustellen.<\/p>\n<p><strong>Haftung f\u00fcr Links.<\/strong><br \/>Verweise und Links auf Webseiten Dritter liegen ausserhalb unseres Verantwortungsbereichs. Es wird jegliche Verantwortung f\u00fcr solche Webseiten abgelehnt. Der Zugriff und die Nutzung dieser Webseiten erfolgen auf eigene Gefahr des Nutzers\/in.<\/p>\n<p><strong>Quelle.<\/strong><br \/>Dieses Impressum wurde am 04.04.2019 mit dem\u00a0 Impressum-Generator http:\/\/www.bag.ch\/impressum-generator der Firma Brunner Medien AG in Kriens erstellt. Die Brunner Medien AG in Kriens \u00fcbernimmt keine Haftung.<\/p>\n<p>&nbsp;<\/p>\n<p>[\/et_pb_text][\/et_pb_column][\/et_pb_row][\/et_pb_section]<\/p>\n","protected":false},"excerpt":{"rendered":"<p>[et_pb_section fb_built=&#8221;1&#8243; _builder_version=&#8221;4.6.0&#8243; custom_padding=&#8221;|10vw||10vw|false|false&#8221; da_disable_devices=&#8221;off|off|off&#8221; da_is_popup=&#8221;off&#8221; da_exit_intent=&#8221;off&#8221; da_has_close=&#8221;on&#8221; da_alt_close=&#8221;off&#8221; da_dark_close=&#8221;off&#8221; da_not_modal=&#8221;on&#8221; da_is_singular=&#8221;off&#8221; da_with_loader=&#8221;off&#8221; da_has_shadow=&#8221;on&#8221;][et_pb_row _builder_version=&#8221;3.25&#8243; background_size=&#8221;initial&#8221; background_position=&#8221;top_left&#8221; background_repeat=&#8221;repeat&#8221;][et_pb_column type=&#8221;4_4&#8243; _builder_version=&#8221;3.25&#8243; custom_padding=&#8221;|||&#8221; custom_padding__hover=&#8221;|||&#8221;][et_pb_text _builder_version=&#8221;4.6.5&#8243; background_size=&#8221;initial&#8221; background_position=&#8221;top_left&#8221; background_repeat=&#8221;repeat&#8221; hover_enabled=&#8221;0&#8243; sticky_enabled=&#8221;0&#8243;] Disclaimer \/ Impressum \/ Datenschutz. &nbsp; Kontaktadresse.OmneomedPraxis f\u00fcr GanzheitsmedizinBeatrice MoranHerbstweg 468050 Z\u00fcrich Vorgehen, Angebot und Methoden.Eine Therapie umfasst ein ausf\u00fchrliches Gespr\u00e4ch, diverse Labortests f\u00fcr die Beurteilung des [&hellip;]<\/p>\n","protected":false},"author":1,"featured_media":0,"parent":0,"menu_order":0,"comment_status":"closed","ping_status":"closed","template":"","meta":{"_et_pb_use_builder":"on","_et_pb_old_content":"Disclaimer \/ Impressum \/ Datenschutz.\r\n\r\nKontaktadresse.\r\nOmneomed\r\nPraxis f\u00fcr Gesundheitsgestaltung\r\nBeatrice Moran\r\nHerbstweg 46\r\n8050 Z\u00fcrich\r\n\r\nVorgehen, Angebot und Methoden.\r\nEine Therapie umfasst ein ausf\u00fchrliches Gespr\u00e4ch, diverse Labortests f\u00fcr die Beurteilung des Gesundheitszustandes sowie die Durchf\u00fchrung der therapeutischen Massnahmen. Gemeinsam legen wir einen Therapieplan mit klaren Zielen fest. Die therapeutischen Behandlungen erfolgen im Rahmen der gesetzlich festgelegten M\u00f6glichkeiten, basierend auf hom\u00f6opathischen, orthomolekularen, ayurvedischen und ethischen Grunds\u00e4tzen, die meist in Kombination zur Anwendung gelangen und \u00fcber Hom\u00f6opathie abgerechnet werden. Die momentane gesundheitliche Situation und die Bed\u00fcrfnisse des Klienten\/in bestimmen die Auswahl der Behandlungsart. Das Mitwirken des Klienten\/in und das Befolgen der Anweisungen sind Voraussetzung f\u00fcr den Therapieerfolg bzw. die Vermeidung von unerw\u00fcnschten Nebenwirkungen.\r\n\r\nKrankenkassen-Anerkennung und R\u00fcckverg\u00fctungen.\r\nIch bin beim EMR (ErfahrungsMedizinisches Register) und bei der Asca (Schweizerische Stiftung f\u00fcr Komplement\u00e4rmedizin) als Hom\u00f6opathin anerkannt und mit der ZSR-Nummer C031763 registriert. Im Anschluss an die get\u00e4tigten Therapien erhalten Sie eine Honorarrechnung, die Sie, falls Sie \u00fcber eine Zusatzversicherung f\u00fcr Komplement\u00e4rmedizin verf\u00fcgen, an Ihre Krankenkasse einsenden k\u00f6nnen. Der Betrag zur registrierten Methode (Hom\u00f6opathie) wird von den meisten Kassen im Rahmen Ihres Vertrages zur\u00fcckerstattet. Es empfiehlt sich eine vorg\u00e4ngige Abkl\u00e4rung bei Ihrer Krankenkasse, zu welchem Anteil sie sich an den laufenden Kosten beteiligt, denn die Anerkennung der Methode bildet keine Garantie, dass Ihre Zusatzversicherung die Kosten \u00fcbernimmt. Meine Leistungen werden nicht von der Grundversicherung bezahlt, unabh\u00e4ngig davon, ob eine Arztverordnung vorliegt oder nicht.\r\n\r\nTermin\u00e4nderungen und \u2013absagen.\r\nIm Verhinderungsfall kann ein Termin per sms auf 078 843 14 82 oder email auf info@omneomed.ch bis 24 h vor Konsultationsbeginn kostenfrei abgesagt oder verschoben werden. F\u00fcr Abendtermine (ab 18.00 h) und Samstagtermine gilt eine Frist von 48 Stunden. Bitte haben Sie Verst\u00e4ndnis, dass bei kurzfristigen Absagen oder Nichterscheinen\u00a0die volle Konsultation verrechnet wird.\r\n\r\nVersicherung.\r\nF\u00fcr Sch\u00e4den an Omneomed-Eigentum sind die Verursacher haftbar.\r\n\r\nFallf\u00fchrung, Datenschutz und Ethikrichtlinien.\r\nWie jeder anerkannte Arzt, Naturheilpraktiker oder Therapeut stehe ich unter gesetzlicher Schweigepflicht. Ohne Ihre schriftliche Einwilligung gebe ich niemandem Auskunft \u00fcber Sie.\r\nF\u00fcr jeden Klienten\/in f\u00fchre ich ein Dossier, indem der Therapieverlauf notiert wird und sonstige Dokumente wie Analysen, Arztberichte etc. aufbewahrt werden. Ihr Dossier wird w\u00e4hrend 10 Jahren in Papierform an sicherem Ort gelagert werden. Der Patient kann jederzeit Einsicht in sein Dossier erhalten und auf Verlangen innert 30 Tagen eine kostenlose Kopie der Akten erhalten.\r\nGest\u00fctzt auf Artikel 13 der schweizerischen Bundesverfassung\u00a0 und die datenschutzrechtlichen Bestimmungen des Bundes (Datenschutzgesetz, DSG)\u00a0 hat jede Person Anspruch auf Schutz ihrer Privatsph\u00e4re sowie auf Schutz vor\u00a0 Missbrauch ihrer pers\u00f6nlichen Daten. Wir halten diese Bestimmungen ein.\u00a0 Pers\u00f6nliche Daten werden streng vertraulich behandelt und weder an Dritte verkauft noch weiter gegeben.\r\nIn enger Zusammenarbeit mit unseren Hosting-Providern\u00a0 bem\u00fchen wir uns, die Datenbanken so gut wie m\u00f6glich vor fremden Zugriffen, Verlusten, Missbrauch oder vor F\u00e4lschung zu sch\u00fctzen.\r\nBeim Zugriff auf unsere Webseiten werden folgende Daten in\u00a0 Logfiles gespeichert: IP-Adresse, Datum, Uhrzeit, Browser-Anfrage und allgemein \u00fcbertragene Informationen zum Betriebssystem respektive Browser. Diese Nutzungsdaten bilden die Basis f\u00fcr statistische, anonyme Auswertungen, so dass Trends erkennbar sind, anhand derer wir unsere Angebote entsprechend verbessern k\u00f6nnen.\r\n\r\n<strong>Urheberrechte.<\/strong>\r\nDie Urheber- und alle anderen Rechte an Inhalten, Bildern, Fotos oder anderen Dateien auf der Website geh\u00f6ren ausschliesslich oder den speziell genannten Rechtsinhabern. F\u00fcr die Reproduktion jeglicher Elemente ist die schriftliche Zustimmung der Urheberrechtstr\u00e4ger im Voraus einzuholen.\r\n\r\n<strong>Haftungsausschluss.<\/strong>\r\nDie Webseite Omneomed.ch bietet Informationen \u00fcber Produkte und Dienstleistungen, sowie themenspezifisches Wissen an. Der Autor \u00fcbernimmt keinerlei Gew\u00e4hr hinsichtlich der inhaltlichen Richtigkeit, Genauigkeit, Aktualit\u00e4t, Zuverl\u00e4ssigkeit und Vollst\u00e4ndigkeit der Informationen.\r\nDie hier aufgef\u00fchrten Methoden, psychologischen Beratungen und Trainings sind kein Ersatz f\u00fcr psychotherapeutische und \u00e4rztliche Massnahmen. Sie gelten nicht\u00a0als Grundlage zur eigenst\u00e4ndigen Diagnose und dienen nicht zum Beginn, zur \u00c4nderung oder zum Abbruch einer \u00e4rztlichen Behandlung. Omneomed \u00fcbernimmt keine Haftung f\u00fcr Sch\u00e4den, die sich aus der Anwendung der hier dargestellten Information ergeben. Der Klient\/in verpflichtet sich, medizinische Diagnosen und gesundheitliche Probleme der Therapeutin mitzuteilen, damit die Behandlungen und Massnahmen angepasst und m\u00f6gliche Kontraindikationen ausgeschlossen werden k\u00f6nnen.\r\nHaftungsanspr\u00fcche gegen den Autor wegen Sch\u00e4den materieller oder immaterieller Art, welche aus dem Zugriff oder der Nutzung bzw. Nichtnutzung der ver\u00f6ffentlichten Informationen, durch Missbrauch der Verbindung oder durch technische St\u00f6rungen entstanden sind, werden\u00a0 ausgeschlossen.\r\nAlle\u00a0 Angebote sind unverbindlich. Der Autor beh\u00e4lt es sich ausdr\u00fccklich vor, Teile\u00a0 der Seiten oder das gesamte Angebot ohne gesonderte Ank\u00fcndigung zu ver\u00e4ndern, zu erg\u00e4nzen, zu l\u00f6schen oder die Ver\u00f6ffentlichung zeitweise oder endg\u00fcltig\u00a0 einzustellen.\r\n\r\n<strong>Haftung f\u00fcr Links.<\/strong>\r\nVerweise und Links auf Webseiten Dritter liegen ausserhalb unseres Verantwortungsbereichs. Es wird jegliche Verantwortung f\u00fcr solche Webseiten abgelehnt. Der Zugriff und die Nutzung dieser Webseiten erfolgen auf eigene Gefahr des Nutzers\/in.\r\n\r\n<strong>Quelle.<\/strong>\r\nDieses Impressum wurde am 04.04.2019 mit dem\u00a0 Impressum-Generator http:\/\/www.bag.ch\/impressum-generator der Firma Brunner Medien AG in Kriens erstellt. Die Brunner Medien AG in Kriens \u00fcbernimmt keine Haftung.","_et_gb_content_width":""},"yoast_head":"<!-- This site is optimized with the Yoast SEO plugin v15.5 - https:\/\/yoast.com\/wordpress\/plugins\/seo\/ -->\n<title>disclaimer - OMNEOMED - GANZHEITSMEDIZIN Z\u00dcRICH.<\/title>\n<meta name=\"robots\" content=\"index, follow, max-snippet:-1, max-image-preview:large, max-video-preview:-1\" \/>\n<link rel=\"canonical\" href=\"https:\/\/omneomed.ch\/?page_id=2804\" \/>\n<meta property=\"og:locale\" content=\"en_US\" \/>\n<meta property=\"og:type\" content=\"article\" \/>\n<meta property=\"og:title\" content=\"disclaimer - OMNEOMED - GANZHEITSMEDIZIN Z\u00dcRICH.\" \/>\n<meta property=\"og:description\" content=\"[et_pb_section fb_built=&#8221;1&#8243; _builder_version=&#8221;4.6.0&#8243; custom_padding=&#8221;|10vw||10vw|false|false&#8221; da_disable_devices=&#8221;off|off|off&#8221; da_is_popup=&#8221;off&#8221; da_exit_intent=&#8221;off&#8221; da_has_close=&#8221;on&#8221; da_alt_close=&#8221;off&#8221; da_dark_close=&#8221;off&#8221; da_not_modal=&#8221;on&#8221; da_is_singular=&#8221;off&#8221; da_with_loader=&#8221;off&#8221; da_has_shadow=&#8221;on&#8221;][et_pb_row _builder_version=&#8221;3.25&#8243; background_size=&#8221;initial&#8221; background_position=&#8221;top_left&#8221; background_repeat=&#8221;repeat&#8221;][et_pb_column type=&#8221;4_4&#8243; _builder_version=&#8221;3.25&#8243; custom_padding=&#8221;|||&#8221; custom_padding__hover=&#8221;|||&#8221;][et_pb_text _builder_version=&#8221;4.6.5&#8243; background_size=&#8221;initial&#8221; background_position=&#8221;top_left&#8221; background_repeat=&#8221;repeat&#8221; hover_enabled=&#8221;0&#8243; sticky_enabled=&#8221;0&#8243;] Disclaimer \/ Impressum \/ Datenschutz. &nbsp; Kontaktadresse.OmneomedPraxis f\u00fcr GanzheitsmedizinBeatrice MoranHerbstweg 468050 Z\u00fcrich Vorgehen, Angebot und Methoden.Eine Therapie umfasst ein ausf\u00fchrliches Gespr\u00e4ch, diverse Labortests f\u00fcr die Beurteilung des [&hellip;]\" \/>\n<meta property=\"og:url\" content=\"https:\/\/omneomed.ch\/?page_id=2804\" \/>\n<meta property=\"og:site_name\" content=\"OMNEOMED - GANZHEITSMEDIZIN Z\u00dcRICH.\" \/>\n<meta property=\"article:modified_time\" content=\"2020-10-04T13:29:01+00:00\" \/>\n<meta name=\"twitter:card\" content=\"summary_large_image\" \/>\n<meta name=\"twitter:label1\" content=\"Est. reading time\">\n\t<meta name=\"twitter:data1\" content=\"4 minutes\">\n<script type=\"application\/ld+json\" class=\"yoast-schema-graph\">{\"@context\":\"https:\/\/schema.org\",\"@graph\":[{\"@type\":\"Organization\",\"@id\":\"https:\/\/omneomed.ch\/#organization\",\"name\":\"omneomed.ch\",\"url\":\"https:\/\/omneomed.ch\/\",\"sameAs\":[],\"logo\":{\"@type\":\"ImageObject\",\"@id\":\"https:\/\/omneomed.ch\/#logo\",\"inLanguage\":\"en-US\",\"url\":\"https:\/\/omneomed.ch\/wp-content\/uploads\/2020\/08\/omneomed-homoeopathie-zuerich-oerlikon.png\",\"width\":318,\"height\":100,\"caption\":\"omneomed.ch\"},\"image\":{\"@id\":\"https:\/\/omneomed.ch\/#logo\"}},{\"@type\":\"WebSite\",\"@id\":\"https:\/\/omneomed.ch\/#website\",\"url\":\"https:\/\/omneomed.ch\/\",\"name\":\"OMNEOMED - GANZHEITSMEDIZIN Z\\u00dcRICH.\",\"description\":\"Urs\\u00e4chliche Behandlung von stillen Entz\\u00fcndungen mit Fokus Darm.\",\"publisher\":{\"@id\":\"https:\/\/omneomed.ch\/#organization\"},\"potentialAction\":[{\"@type\":\"SearchAction\",\"target\":\"https:\/\/omneomed.ch\/?s={search_term_string}\",\"query-input\":\"required name=search_term_string\"}],\"inLanguage\":\"en-US\"},{\"@type\":\"WebPage\",\"@id\":\"https:\/\/omneomed.ch\/?page_id=2804#webpage\",\"url\":\"https:\/\/omneomed.ch\/?page_id=2804\",\"name\":\"disclaimer - OMNEOMED - GANZHEITSMEDIZIN Z\\u00dcRICH.\",\"isPartOf\":{\"@id\":\"https:\/\/omneomed.ch\/#website\"},\"datePublished\":\"2020-09-25T13:31:09+00:00\",\"dateModified\":\"2020-10-04T13:29:01+00:00\",\"inLanguage\":\"en-US\",\"potentialAction\":[{\"@type\":\"ReadAction\",\"target\":[\"https:\/\/omneomed.ch\/?page_id=2804\"]}]}]}<\/script>\n<!-- \/ Yoast SEO plugin. -->","_links":{"self":[{"href":"https:\/\/omneomed.ch\/index.php?rest_route=\/wp\/v2\/pages\/2804"}],"collection":[{"href":"https:\/\/omneomed.ch\/index.php?rest_route=\/wp\/v2\/pages"}],"about":[{"href":"https:\/\/omneomed.ch\/index.php?rest_route=\/wp\/v2\/types\/page"}],"author":[{"embeddable":true,"href":"https:\/\/omneomed.ch\/index.php?rest_route=\/wp\/v2\/users\/1"}],"replies":[{"embeddable":true,"href":"https:\/\/omneomed.ch\/index.php?rest_route=%2Fwp%2Fv2%2Fcomments&post=2804"}],"version-history":[{"count":10,"href":"https:\/\/omneomed.ch\/index.php?rest_route=\/wp\/v2\/pages\/2804\/revisions"}],"predecessor-version":[{"id":3957,"href":"https:\/\/omneomed.ch\/index.php?rest_route=\/wp\/v2\/pages\/2804\/revisions\/3957"}],"wp:attachment":[{"href":"https:\/\/omneomed.ch\/index.php?rest_route=%2Fwp%2Fv2%2Fmedia&parent=2804"}],"curies":[{"name":"wp","href":"https:\/\/api.w.org\/{rel}","templated":true}]}}